{"id":3023,"date":"2025-07-22T13:27:49","date_gmt":"2025-07-22T11:27:49","guid":{"rendered":"https:\/\/rocfortis.com\/rocunits\/"},"modified":"2025-07-23T16:05:40","modified_gmt":"2025-07-23T14:05:40","slug":"rocunits","status":"publish","type":"page","link":"https:\/\/rocfortis.com\/en\/rocunits\/","title":{"rendered":"RocUnits"},"content":{"rendered":"\t\t<div data-elementor-type=\"wp-page\" data-elementor-id=\"3023\" class=\"elementor elementor-3023 elementor-2980\" data-elementor-post-type=\"page\">\n\t\t\t\t<div class=\"elementor-element elementor-element-b570d50 e-con-full e-flex e-con e-parent\" data-id=\"b570d50\" data-element_type=\"container\" data-settings=\"{&quot;background_background&quot;:&quot;classic&quot;}\">\n\t\t<div class=\"elementor-element elementor-element-40184def e-con-full e-flex e-con e-child\" data-id=\"40184def\" data-element_type=\"container\">\n\t\t\t\t<div class=\"elementor-element elementor-element-8c9119d elementor-widget elementor-widget-heading\" data-id=\"8c9119d\" data-element_type=\"widget\" data-widget_type=\"heading.default\">\n\t\t\t\t<div class=\"elementor-widget-container\">\n\t\t\t\t\t<h1 class=\"elementor-heading-title elementor-size-default\">The business units of the RocFortis Group<\/h1>\t\t\t\t<\/div>\n\t\t\t\t<\/div>\n\t\t\t\t<div class=\"elementor-element elementor-element-6b746a9e elementor-widget elementor-widget-text-editor\" data-id=\"6b746a9e\" data-element_type=\"widget\" data-widget_type=\"text-editor.default\">\n\t\t\t\t<div class=\"elementor-widget-container\">\n\t\t\t\t\t\t\t\t\t<p>RocFortis is more than a company &#8211; we are a strategic security architecture made up of specialized units with a clear mission. Each unit fulfills a precise function in a holistic protection system. Together they form an integrated network for modern security, resilience and operational excellence.  <\/p>\t\t\t\t\t\t\t\t<\/div>\n\t\t\t\t<\/div>\n\t\t\t\t<\/div>\n\t\t<div class=\"elementor-element elementor-element-453600e e-con-full e-flex e-con e-child\" data-id=\"453600e\" data-element_type=\"container\">\n\t\t<div class=\"elementor-element elementor-element-3895b27b e-con-full e-flex e-con e-child\" data-id=\"3895b27b\" data-element_type=\"container\" data-settings=\"{&quot;background_background&quot;:&quot;classic&quot;}\">\n\t\t\t\t<div class=\"elementor-element elementor-element-a8bf87b elementor-widget elementor-widget-icon-box\" data-id=\"a8bf87b\" data-element_type=\"widget\" data-widget_type=\"icon-box.default\">\n\t\t\t\t<div class=\"elementor-widget-container\">\n\t\t\t\t\t\t\t<div class=\"elementor-icon-box-wrapper\">\n\n\t\t\t\n\t\t\t\t\t\t<div class=\"elementor-icon-box-content\">\n\n\t\t\t\t\t\t\t\t\t<h2 class=\"elementor-icon-box-title\">\n\t\t\t\t\t\t<span  >\n\t\t\t\t\t\t\tRocDefence Unit\t\t\t\t\t\t<\/span>\n\t\t\t\t\t<\/h2>\n\t\t\t\t\n\t\t\t\t\t\t\t\t\t<p class=\"elementor-icon-box-description\">\n\t\t\t\t\t\tOur Defense Unit supplies government institutions with tactically relevant products, technologies and equipment. As a reliable distributor and logistics partner, we ensure secure supply chains in the defense environment. \t\t\t\t\t<\/p>\n\t\t\t\t\n\t\t\t<\/div>\n\t\t\t\n\t\t<\/div>\n\t\t\t\t\t\t<\/div>\n\t\t\t\t<\/div>\n\t\t\t\t<div class=\"elementor-element elementor-element-57b3fa9 elementor-widget elementor-widget-heading\" data-id=\"57b3fa9\" data-element_type=\"widget\" data-widget_type=\"heading.default\">\n\t\t\t\t<div class=\"elementor-widget-container\">\n\t\t\t\t\t<h3 class=\"elementor-heading-title elementor-size-default\">Supply &amp; Distribution for Defense and Government Projects<\/h3>\t\t\t\t<\/div>\n\t\t\t\t<\/div>\n\t\t\t\t<\/div>\n\t\t\t\t<\/div>\n\t\t\t\t<\/div>\n\t\t<div class=\"elementor-element elementor-element-b325ec4 e-flex e-con-boxed e-con e-parent\" data-id=\"b325ec4\" data-element_type=\"container\" data-settings=\"{&quot;background_background&quot;:&quot;classic&quot;}\">\n\t\t\t\t\t<div class=\"e-con-inner\">\n\t\t<div class=\"elementor-element elementor-element-aff3d0a e-con-full e-flex e-con e-child\" data-id=\"aff3d0a\" data-element_type=\"container\">\n\t\t\t\t<div class=\"elementor-element elementor-element-ff8291c elementor-widget elementor-widget-icon-box\" data-id=\"ff8291c\" data-element_type=\"widget\" data-widget_type=\"icon-box.default\">\n\t\t\t\t<div class=\"elementor-widget-container\">\n\t\t\t\t\t\t\t<div class=\"elementor-icon-box-wrapper\">\n\n\t\t\t\n\t\t\t\t\t\t<div class=\"elementor-icon-box-content\">\n\n\t\t\t\t\t\t\t\t\t<h2 class=\"elementor-icon-box-title\">\n\t\t\t\t\t\t<span  >\n\t\t\t\t\t\t\tRocSecurity Unit\t\t\t\t\t\t<\/span>\n\t\t\t\t\t<\/h2>\n\t\t\t\t\n\t\t\t\t\t\t\t\t\t<p class=\"elementor-icon-box-description\">\n\t\t\t\t\t\tPhysical protection for people, objects and critical infrastructures - international, discreet, uncompromising. Our operators operate where traditional security services end. \t\t\t\t\t<\/p>\n\t\t\t\t\n\t\t\t<\/div>\n\t\t\t\n\t\t<\/div>\n\t\t\t\t\t\t<\/div>\n\t\t\t\t<\/div>\n\t\t\t\t<div class=\"elementor-element elementor-element-5c6a781 elementor-widget elementor-widget-heading\" data-id=\"5c6a781\" data-element_type=\"widget\" data-widget_type=\"heading.default\">\n\t\t\t\t<div class=\"elementor-widget-container\">\n\t\t\t\t\t<h3 class=\"elementor-heading-title elementor-size-default\">Protective Services &amp; Executive Shield<\/h3>\t\t\t\t<\/div>\n\t\t\t\t<\/div>\n\t\t\t\t<\/div>\n\t\t<div class=\"elementor-element elementor-element-8fb74a5 e-con-full e-flex e-con e-child\" data-id=\"8fb74a5\" data-element_type=\"container\">\n\t\t\t\t<div class=\"elementor-element elementor-element-85fa32a elementor-widget elementor-widget-icon-box\" data-id=\"85fa32a\" data-element_type=\"widget\" data-widget_type=\"icon-box.default\">\n\t\t\t\t<div class=\"elementor-widget-container\">\n\t\t\t\t\t\t\t<div class=\"elementor-icon-box-wrapper\">\n\n\t\t\t\n\t\t\t\t\t\t<div class=\"elementor-icon-box-content\">\n\n\t\t\t\t\t\t\t\t\t<h2 class=\"elementor-icon-box-title\">\n\t\t\t\t\t\t<span  >\n\t\t\t\t\t\t\tRocDevelopment Unit\t\t\t\t\t\t<\/span>\n\t\t\t\t\t<\/h2>\n\t\t\t\t\n\t\t\t\t\t\t\t\t\t<p class=\"elementor-icon-box-description\">\n\t\t\t\t\t\tThis unit combines technological innovation with tactical thinking: we develop specialized software solutions in the security environment and are responsible for complex project architectures for authorities, defence and infrastructure.\t\t\t\t\t<\/p>\n\t\t\t\t\n\t\t\t<\/div>\n\t\t\t\n\t\t<\/div>\n\t\t\t\t\t\t<\/div>\n\t\t\t\t<\/div>\n\t\t\t\t<div class=\"elementor-element elementor-element-1d49dc2 elementor-widget elementor-widget-heading\" data-id=\"1d49dc2\" data-element_type=\"widget\" data-widget_type=\"heading.default\">\n\t\t\t\t<div class=\"elementor-widget-container\">\n\t\t\t\t\t<h3 class=\"elementor-heading-title elementor-size-default\">Private Intelligence Command &amp; Strategic Foresight<\/h3>\t\t\t\t<\/div>\n\t\t\t\t<\/div>\n\t\t\t\t<\/div>\n\t\t<div class=\"elementor-element elementor-element-d2ffe69 e-con-full e-flex e-con e-child\" data-id=\"d2ffe69\" data-element_type=\"container\">\n\t\t\t\t<div class=\"elementor-element elementor-element-66de915 elementor-widget elementor-widget-icon-box\" data-id=\"66de915\" data-element_type=\"widget\" data-widget_type=\"icon-box.default\">\n\t\t\t\t<div class=\"elementor-widget-container\">\n\t\t\t\t\t\t\t<div class=\"elementor-icon-box-wrapper\">\n\n\t\t\t\n\t\t\t\t\t\t<div class=\"elementor-icon-box-content\">\n\n\t\t\t\t\t\t\t\t\t<h2 class=\"elementor-icon-box-title\">\n\t\t\t\t\t\t<span  >\n\t\t\t\t\t\t\tRocOrganization Unit\t\t\t\t\t\t<\/span>\n\t\t\t\t\t<\/h2>\n\t\t\t\t\n\t\t\t\t\t\t\t\t\t<p class=\"elementor-icon-box-description\">\n\t\t\t\t\t\tThis unit forms the backbone of the Group: command &amp; control, management systems, quality assurance, internal processes and resource coordination - precisely orchestrated, like a military general staff.\t\t\t\t\t<\/p>\n\t\t\t\t\n\t\t\t<\/div>\n\t\t\t\n\t\t<\/div>\n\t\t\t\t\t\t<\/div>\n\t\t\t\t<\/div>\n\t\t\t\t<div class=\"elementor-element elementor-element-8c74c47 elementor-widget elementor-widget-heading\" data-id=\"8c74c47\" data-element_type=\"widget\" data-widget_type=\"heading.default\">\n\t\t\t\t<div class=\"elementor-widget-container\">\n\t\t\t\t\t<h3 class=\"elementor-heading-title elementor-size-default\">Internal Command &amp; Group Control<\/h3>\t\t\t\t<\/div>\n\t\t\t\t<\/div>\n\t\t\t\t<\/div>\n\t\t<div class=\"elementor-element elementor-element-bc2d52c e-con-full e-flex e-con e-child\" data-id=\"bc2d52c\" data-element_type=\"container\">\n\t\t\t\t<div class=\"elementor-element elementor-element-171439f elementor-widget elementor-widget-icon-box\" data-id=\"171439f\" data-element_type=\"widget\" data-widget_type=\"icon-box.default\">\n\t\t\t\t<div class=\"elementor-widget-container\">\n\t\t\t\t\t\t\t<div class=\"elementor-icon-box-wrapper\">\n\n\t\t\t\n\t\t\t\t\t\t<div class=\"elementor-icon-box-content\">\n\n\t\t\t\t\t\t\t\t\t<h2 class=\"elementor-icon-box-title\">\n\t\t\t\t\t\t<span  >\n\t\t\t\t\t\t\tRocIntelligence Unit\t\t\t\t\t\t<\/span>\n\t\t\t\t\t<\/h2>\n\t\t\t\t\n\t\t\t\t\t\t\t\t\t<p class=\"elementor-icon-box-description\">\n\t\t\t\t\t\tOur Intelligence Unit provides the operational basis for every decision.\nThrough OSINT, GEOINT, HUMINT and technical reconnaissance, we create strategic transparency in complex situations - precise, discreet, globally networked.\t\t\t\t\t<\/p>\n\t\t\t\t\n\t\t\t<\/div>\n\t\t\t\n\t\t<\/div>\n\t\t\t\t\t\t<\/div>\n\t\t\t\t<\/div>\n\t\t\t\t<div class=\"elementor-element elementor-element-cf5d00c elementor-widget elementor-widget-heading\" data-id=\"cf5d00c\" data-element_type=\"widget\" data-widget_type=\"heading.default\">\n\t\t\t\t<div class=\"elementor-widget-container\">\n\t\t\t\t\t<h3 class=\"elementor-heading-title elementor-size-default\">Private Intelligence &amp; Strategic Foresight<\/h3>\t\t\t\t<\/div>\n\t\t\t\t<\/div>\n\t\t\t\t<\/div>\n\t\t<div class=\"elementor-element elementor-element-5839ff0 e-con-full e-flex e-con e-child\" data-id=\"5839ff0\" data-element_type=\"container\">\n\t\t\t\t<div class=\"elementor-element elementor-element-7f0d526 elementor-widget elementor-widget-icon-box\" data-id=\"7f0d526\" data-element_type=\"widget\" data-widget_type=\"icon-box.default\">\n\t\t\t\t<div class=\"elementor-widget-container\">\n\t\t\t\t\t\t\t<div class=\"elementor-icon-box-wrapper\">\n\n\t\t\t\n\t\t\t\t\t\t<div class=\"elementor-icon-box-content\">\n\n\t\t\t\t\t\t\t\t\t<h2 class=\"elementor-icon-box-title\">\n\t\t\t\t\t\t<span  >\n\t\t\t\t\t\t\tRocIntervention Unit\t\t\t\t\t\t<\/span>\n\t\t\t\t\t<\/h2>\n\t\t\t\t\n\t\t\t\t\t\t\t\t\t<p class=\"elementor-icon-box-description\">\n\t\t\t\t\t\tWhen others hesitate, we act. Our rapid reaction force operates worldwide in escalations, evacuations, threat situations and protection operations - quickly, in a structured manner and with military precision. \t\t\t\t\t<\/p>\n\t\t\t\t\n\t\t\t<\/div>\n\t\t\t\n\t\t<\/div>\n\t\t\t\t\t\t<\/div>\n\t\t\t\t<\/div>\n\t\t\t\t<div class=\"elementor-element elementor-element-522fb4e elementor-widget elementor-widget-heading\" data-id=\"522fb4e\" data-element_type=\"widget\" data-widget_type=\"heading.default\">\n\t\t\t\t<div class=\"elementor-widget-container\">\n\t\t\t\t\t<h3 class=\"elementor-heading-title elementor-size-default\">Global Response &amp; Crisis Stabilization\n<\/h3>\t\t\t\t<\/div>\n\t\t\t\t<\/div>\n\t\t\t\t<\/div>\n\t\t<div class=\"elementor-element elementor-element-6a60bc2 e-con-full e-flex e-con e-child\" data-id=\"6a60bc2\" data-element_type=\"container\">\n\t\t\t\t<div class=\"elementor-element elementor-element-95116ba elementor-widget elementor-widget-icon-box\" data-id=\"95116ba\" data-element_type=\"widget\" data-widget_type=\"icon-box.default\">\n\t\t\t\t<div class=\"elementor-widget-container\">\n\t\t\t\t\t\t\t<div class=\"elementor-icon-box-wrapper\">\n\n\t\t\t\n\t\t\t\t\t\t<div class=\"elementor-icon-box-content\">\n\n\t\t\t\t\t\t\t\t\t<h2 class=\"elementor-icon-box-title\">\n\t\t\t\t\t\t<span  >\n\t\t\t\t\t\t\tRocHardware Unit\t\t\t\t\t\t<\/span>\n\t\t\t\t\t<\/h2>\n\t\t\t\t\n\t\t\t\t\t\t\t\t\t<p class=\"elementor-icon-box-description\">\n\t\t\t\t\t\tWhether it's a command post, surveillance system or high-frequency communication - we supply robust, field-ready hardware solutions for government agencies and special forces. Development, delivery and commissioning from a single source. \t\t\t\t\t<\/p>\n\t\t\t\t\n\t\t\t<\/div>\n\t\t\t\n\t\t<\/div>\n\t\t\t\t\t\t<\/div>\n\t\t\t\t<\/div>\n\t\t\t\t<div class=\"elementor-element elementor-element-8c1782e elementor-widget elementor-widget-heading\" data-id=\"8c1782e\" data-element_type=\"widget\" data-widget_type=\"heading.default\">\n\t\t\t\t<div class=\"elementor-widget-container\">\n\t\t\t\t\t<h3 class=\"elementor-heading-title elementor-size-default\">Tactical Tech &amp; Secure Infrastructure<\/h3>\t\t\t\t<\/div>\n\t\t\t\t<\/div>\n\t\t\t\t<\/div>\n\t\t\t\t\t<\/div>\n\t\t\t\t<\/div>\n\t\t<div class=\"elementor-element elementor-element-ad66f7c e-con-full e-flex e-con e-parent\" data-id=\"ad66f7c\" data-element_type=\"container\">\n\t\t\t\t<div class=\"elementor-element elementor-element-41955be elementor-widget elementor-widget-video\" data-id=\"41955be\" data-element_type=\"widget\" data-settings=\"{&quot;video_type&quot;:&quot;hosted&quot;,&quot;controls&quot;:&quot;yes&quot;}\" data-widget_type=\"video.default\">\n\t\t\t\t<div class=\"elementor-widget-container\">\n\t\t\t\t\t\t\t<div class=\"e-hosted-video elementor-wrapper elementor-open-inline\">\n\t\t\t\t\t<video class=\"elementor-video\" src=\"https:\/\/rocfortis.com\/wp-content\/uploads\/2025\/07\/Command-Center-RocFortis.mp4\" controls=\"\" preload=\"metadata\" controlsList=\"nodownload\" poster=\"https:\/\/rocfortis.com\/wp-content\/uploads\/2025\/07\/rocunits-video-fallback_v02.jpg\"><\/video>\n\t\t\t\t<\/div>\n\t\t\t\t\t\t<\/div>\n\t\t\t\t<\/div>\n\t\t\t\t<\/div>\n\t\t\t\t<\/div>\n\t\t","protected":false},"excerpt":{"rendered":"<p>The business units of the RocFortis Group RocFortis is more than a company &#8211; we are a strategic security architecture made up of specialized units with a clear mission. Each unit fulfills a precise function in a holistic protection system. Together they form an integrated network for modern security, resilience and operational excellence. RocDefence Unit [&hellip;]<\/p>\n","protected":false},"author":1,"featured_media":0,"parent":0,"menu_order":0,"comment_status":"closed","ping_status":"closed","template":"","meta":{"_acf_changed":false,"footnotes":""},"class_list":["post-3023","page","type-page","status-publish","hentry"],"acf":[],"yoast_head":"<!-- This site is optimized with the Yoast SEO plugin v27.0 - https:\/\/yoast.com\/product\/yoast-seo-wordpress\/ -->\n<title>RocUnits - RocFortis Group<\/title>\n<meta name=\"description\" content=\"RocFortis Group - Proaktive Intelligence-, Sicherheits- &amp; Verteidigungsl\u00f6sungen f\u00fcr Beh\u00f6rden, Unternehmen &amp; kritische Infrastrukturen.\" \/>\n<meta name=\"robots\" content=\"index, follow, max-snippet:-1, max-image-preview:large, max-video-preview:-1\" \/>\n<link rel=\"canonical\" href=\"https:\/\/rocfortis.com\/en\/rocunits\/\" \/>\n<meta property=\"og:locale\" content=\"en_US\" \/>\n<meta property=\"og:type\" content=\"article\" \/>\n<meta property=\"og:title\" content=\"RocUnits - RocFortis Group\" \/>\n<meta property=\"og:description\" content=\"RocFortis Group - Proaktive Intelligence-, Sicherheits- &amp; Verteidigungsl\u00f6sungen f\u00fcr Beh\u00f6rden, Unternehmen &amp; kritische Infrastrukturen.\" \/>\n<meta property=\"og:url\" content=\"https:\/\/rocfortis.com\/en\/rocunits\/\" \/>\n<meta property=\"og:site_name\" content=\"RocFortis Group\" \/>\n<meta property=\"article:modified_time\" content=\"2025-07-23T14:05:40+00:00\" \/>\n<meta name=\"twitter:card\" content=\"summary_large_image\" \/>\n<meta name=\"twitter:label1\" content=\"Est. reading time\" \/>\n\t<meta name=\"twitter:data1\" content=\"2 minutes\" \/>\n<script type=\"application\/ld+json\" class=\"yoast-schema-graph\">{\"@context\":\"https:\/\/schema.org\",\"@graph\":[{\"@type\":\"Article\",\"@id\":\"https:\/\/rocfortis.com\/en\/rocunits\/#article\",\"isPartOf\":{\"@id\":\"https:\/\/rocfortis.com\/en\/rocunits\/\"},\"author\":{\"name\":\"PHIL_HOFFELNER\",\"@id\":\"https:\/\/rocfortis.com\/en\/#\/schema\/person\/cad7666542d119d040f7b4da9d0eb734\"},\"headline\":\"RocUnits\",\"datePublished\":\"2025-07-22T11:27:49+00:00\",\"dateModified\":\"2025-07-23T14:05:40+00:00\",\"mainEntityOfPage\":{\"@id\":\"https:\/\/rocfortis.com\/en\/rocunits\/\"},\"wordCount\":310,\"publisher\":{\"@id\":\"https:\/\/rocfortis.com\/en\/#organization\"},\"inLanguage\":\"en-US\"},{\"@type\":\"WebPage\",\"@id\":\"https:\/\/rocfortis.com\/en\/rocunits\/\",\"url\":\"https:\/\/rocfortis.com\/en\/rocunits\/\",\"name\":\"RocUnits - RocFortis Group\",\"isPartOf\":{\"@id\":\"https:\/\/rocfortis.com\/en\/#website\"},\"datePublished\":\"2025-07-22T11:27:49+00:00\",\"dateModified\":\"2025-07-23T14:05:40+00:00\",\"description\":\"RocFortis Group - Proaktive Intelligence-, Sicherheits- & Verteidigungsl\u00f6sungen f\u00fcr Beh\u00f6rden, Unternehmen & kritische Infrastrukturen.\",\"breadcrumb\":{\"@id\":\"https:\/\/rocfortis.com\/en\/rocunits\/#breadcrumb\"},\"inLanguage\":\"en-US\",\"potentialAction\":[{\"@type\":\"ReadAction\",\"target\":[\"https:\/\/rocfortis.com\/en\/rocunits\/\"]}]},{\"@type\":\"BreadcrumbList\",\"@id\":\"https:\/\/rocfortis.com\/en\/rocunits\/#breadcrumb\",\"itemListElement\":[{\"@type\":\"ListItem\",\"position\":1,\"name\":\"Startseite\",\"item\":\"https:\/\/rocfortis.com\/en\/rocfortis-group\/\"},{\"@type\":\"ListItem\",\"position\":2,\"name\":\"RocUnits\"}]},{\"@type\":\"WebSite\",\"@id\":\"https:\/\/rocfortis.com\/en\/#website\",\"url\":\"https:\/\/rocfortis.com\/en\/\",\"name\":\"RocFortis Group\",\"description\":\"Investigation, Intelligence, Security &amp; Defence\",\"publisher\":{\"@id\":\"https:\/\/rocfortis.com\/en\/#organization\"},\"potentialAction\":[{\"@type\":\"SearchAction\",\"target\":{\"@type\":\"EntryPoint\",\"urlTemplate\":\"https:\/\/rocfortis.com\/en\/?s={search_term_string}\"},\"query-input\":{\"@type\":\"PropertyValueSpecification\",\"valueRequired\":true,\"valueName\":\"search_term_string\"}}],\"inLanguage\":\"en-US\"},{\"@type\":\"Organization\",\"@id\":\"https:\/\/rocfortis.com\/en\/#organization\",\"name\":\"RocFortis Group\",\"url\":\"https:\/\/rocfortis.com\/en\/\",\"logo\":{\"@type\":\"ImageObject\",\"inLanguage\":\"en-US\",\"@id\":\"https:\/\/rocfortis.com\/en\/#\/schema\/logo\/image\/\",\"url\":\"\",\"contentUrl\":\"\",\"caption\":\"RocFortis Group\"},\"image\":{\"@id\":\"https:\/\/rocfortis.com\/en\/#\/schema\/logo\/image\/\"}},{\"@type\":\"Person\",\"@id\":\"https:\/\/rocfortis.com\/en\/#\/schema\/person\/cad7666542d119d040f7b4da9d0eb734\",\"name\":\"PHIL_HOFFELNER\",\"image\":{\"@type\":\"ImageObject\",\"inLanguage\":\"en-US\",\"@id\":\"https:\/\/rocfortis.com\/en\/#\/schema\/person\/image\/\",\"url\":\"https:\/\/secure.gravatar.com\/avatar\/2486f30110629baabe868e402bdb710f646d756eb03a8b8d31d1d70901278b97?s=96&d=mm&r=g\",\"contentUrl\":\"https:\/\/secure.gravatar.com\/avatar\/2486f30110629baabe868e402bdb710f646d756eb03a8b8d31d1d70901278b97?s=96&d=mm&r=g\",\"caption\":\"PHIL_HOFFELNER\"},\"sameAs\":[\"https:\/\/rocfortis.com\"]}]}<\/script>\n<!-- \/ Yoast SEO plugin. -->","yoast_head_json":{"title":"RocUnits - RocFortis Group","description":"RocFortis Group - Proaktive Intelligence-, Sicherheits- & Verteidigungsl\u00f6sungen f\u00fcr Beh\u00f6rden, Unternehmen & kritische Infrastrukturen.","robots":{"index":"index","follow":"follow","max-snippet":"max-snippet:-1","max-image-preview":"max-image-preview:large","max-video-preview":"max-video-preview:-1"},"canonical":"https:\/\/rocfortis.com\/en\/rocunits\/","og_locale":"en_US","og_type":"article","og_title":"RocUnits - RocFortis Group","og_description":"RocFortis Group - Proaktive Intelligence-, Sicherheits- & Verteidigungsl\u00f6sungen f\u00fcr Beh\u00f6rden, Unternehmen & kritische Infrastrukturen.","og_url":"https:\/\/rocfortis.com\/en\/rocunits\/","og_site_name":"RocFortis Group","article_modified_time":"2025-07-23T14:05:40+00:00","twitter_card":"summary_large_image","twitter_misc":{"Est. reading time":"2 minutes"},"schema":{"@context":"https:\/\/schema.org","@graph":[{"@type":"Article","@id":"https:\/\/rocfortis.com\/en\/rocunits\/#article","isPartOf":{"@id":"https:\/\/rocfortis.com\/en\/rocunits\/"},"author":{"name":"PHIL_HOFFELNER","@id":"https:\/\/rocfortis.com\/en\/#\/schema\/person\/cad7666542d119d040f7b4da9d0eb734"},"headline":"RocUnits","datePublished":"2025-07-22T11:27:49+00:00","dateModified":"2025-07-23T14:05:40+00:00","mainEntityOfPage":{"@id":"https:\/\/rocfortis.com\/en\/rocunits\/"},"wordCount":310,"publisher":{"@id":"https:\/\/rocfortis.com\/en\/#organization"},"inLanguage":"en-US"},{"@type":"WebPage","@id":"https:\/\/rocfortis.com\/en\/rocunits\/","url":"https:\/\/rocfortis.com\/en\/rocunits\/","name":"RocUnits - RocFortis Group","isPartOf":{"@id":"https:\/\/rocfortis.com\/en\/#website"},"datePublished":"2025-07-22T11:27:49+00:00","dateModified":"2025-07-23T14:05:40+00:00","description":"RocFortis Group - Proaktive Intelligence-, Sicherheits- & Verteidigungsl\u00f6sungen f\u00fcr Beh\u00f6rden, Unternehmen & kritische Infrastrukturen.","breadcrumb":{"@id":"https:\/\/rocfortis.com\/en\/rocunits\/#breadcrumb"},"inLanguage":"en-US","potentialAction":[{"@type":"ReadAction","target":["https:\/\/rocfortis.com\/en\/rocunits\/"]}]},{"@type":"BreadcrumbList","@id":"https:\/\/rocfortis.com\/en\/rocunits\/#breadcrumb","itemListElement":[{"@type":"ListItem","position":1,"name":"Startseite","item":"https:\/\/rocfortis.com\/en\/rocfortis-group\/"},{"@type":"ListItem","position":2,"name":"RocUnits"}]},{"@type":"WebSite","@id":"https:\/\/rocfortis.com\/en\/#website","url":"https:\/\/rocfortis.com\/en\/","name":"RocFortis Group","description":"Investigation, Intelligence, Security &amp; Defence","publisher":{"@id":"https:\/\/rocfortis.com\/en\/#organization"},"potentialAction":[{"@type":"SearchAction","target":{"@type":"EntryPoint","urlTemplate":"https:\/\/rocfortis.com\/en\/?s={search_term_string}"},"query-input":{"@type":"PropertyValueSpecification","valueRequired":true,"valueName":"search_term_string"}}],"inLanguage":"en-US"},{"@type":"Organization","@id":"https:\/\/rocfortis.com\/en\/#organization","name":"RocFortis Group","url":"https:\/\/rocfortis.com\/en\/","logo":{"@type":"ImageObject","inLanguage":"en-US","@id":"https:\/\/rocfortis.com\/en\/#\/schema\/logo\/image\/","url":"","contentUrl":"","caption":"RocFortis Group"},"image":{"@id":"https:\/\/rocfortis.com\/en\/#\/schema\/logo\/image\/"}},{"@type":"Person","@id":"https:\/\/rocfortis.com\/en\/#\/schema\/person\/cad7666542d119d040f7b4da9d0eb734","name":"PHIL_HOFFELNER","image":{"@type":"ImageObject","inLanguage":"en-US","@id":"https:\/\/rocfortis.com\/en\/#\/schema\/person\/image\/","url":"https:\/\/secure.gravatar.com\/avatar\/2486f30110629baabe868e402bdb710f646d756eb03a8b8d31d1d70901278b97?s=96&d=mm&r=g","contentUrl":"https:\/\/secure.gravatar.com\/avatar\/2486f30110629baabe868e402bdb710f646d756eb03a8b8d31d1d70901278b97?s=96&d=mm&r=g","caption":"PHIL_HOFFELNER"},"sameAs":["https:\/\/rocfortis.com"]}]}},"_links":{"self":[{"href":"https:\/\/rocfortis.com\/en\/wp-json\/wp\/v2\/pages\/3023","targetHints":{"allow":["GET"]}}],"collection":[{"href":"https:\/\/rocfortis.com\/en\/wp-json\/wp\/v2\/pages"}],"about":[{"href":"https:\/\/rocfortis.com\/en\/wp-json\/wp\/v2\/types\/page"}],"author":[{"embeddable":true,"href":"https:\/\/rocfortis.com\/en\/wp-json\/wp\/v2\/users\/1"}],"replies":[{"embeddable":true,"href":"https:\/\/rocfortis.com\/en\/wp-json\/wp\/v2\/comments?post=3023"}],"version-history":[{"count":3,"href":"https:\/\/rocfortis.com\/en\/wp-json\/wp\/v2\/pages\/3023\/revisions"}],"predecessor-version":[{"id":3112,"href":"https:\/\/rocfortis.com\/en\/wp-json\/wp\/v2\/pages\/3023\/revisions\/3112"}],"wp:attachment":[{"href":"https:\/\/rocfortis.com\/en\/wp-json\/wp\/v2\/media?parent=3023"}],"curies":[{"name":"wp","href":"https:\/\/api.w.org\/{rel}","templated":true}]}}